{"id":42,"date":"2023-10-23T09:20:25","date_gmt":"2023-10-23T07:20:25","guid":{"rendered":"http:\/\/new.residencepiatana.com\/?page_id=42"},"modified":"2024-01-28T06:37:55","modified_gmt":"2024-01-28T05:37:55","slug":"accueil","status":"publish","type":"page","link":"https:\/\/www.residencepiatana.com\/en\/","title":{"rendered":"Welcome"},"content":{"rendered":"<div data-elementor-type=\"wp-page\" data-elementor-id=\"42\" class=\"elementor elementor-42\" data-elementor-post-type=\"page\">\n\t\t\t\t\t\t\t<div class=\"elementor-element elementor-element-21efe0c e-flex e-con-boxed e-con e-parent\" data-id=\"21efe0c\" data-element_type=\"container\" data-settings=\"{&quot;background_background&quot;:&quot;classic&quot;,&quot;content_width&quot;:&quot;boxed&quot;}\" data-core-v316-plus=\"true\">\n\t\t\t\t\t<div class=\"e-con-inner\">\n\t\t\t\t\t<\/div>\n\t\t\t\t<\/div>\n\t\t<div class=\"elementor-element elementor-element-c1dec28 e-flex e-con-boxed e-con e-parent\" data-id=\"c1dec28\" data-element_type=\"container\" data-settings=\"{&quot;content_width&quot;:&quot;boxed&quot;}\" data-core-v316-plus=\"true\">\n\t\t\t\t\t<div class=\"e-con-inner\">\n\t\t\t\t<div class=\"elementor-element elementor-element-4549d6e elementor-widget elementor-widget-heading\" data-id=\"4549d6e\" data-element_type=\"widget\" data-widget_type=\"heading.default\">\n\t\t\t\t<div class=\"elementor-widget-container\">\n\t\t\t<style>\/*! elementor - v3.16.0 - 17-10-2023 *\/\n.elementor-heading-title{padding:0;margin:0;line-height:1}.elementor-widget-heading .elementor-heading-title[class*=elementor-size-]>a{color:inherit;font-size:inherit;line-height:inherit}.elementor-widget-heading .elementor-heading-title.elementor-size-small{font-size:15px}.elementor-widget-heading .elementor-heading-title.elementor-size-medium{font-size:19px}.elementor-widget-heading .elementor-heading-title.elementor-size-large{font-size:29px}.elementor-widget-heading .elementor-heading-title.elementor-size-xl{font-size:39px}.elementor-widget-heading .elementor-heading-title.elementor-size-xxl{font-size:59px}<\/style><h1 class=\"elementor-heading-title elementor-size-default\">Welcome to Residence Piatana in Olmeto<\/h1>\t\t<\/div>\n\t\t\t\t<\/div>\n\t\t\t\t<div class=\"elementor-element elementor-element-0b49372 elementor-widget elementor-widget-image\" data-id=\"0b49372\" data-element_type=\"widget\" data-widget_type=\"image.default\">\n\t\t\t\t<div class=\"elementor-widget-container\">\n\t\t\t<style>\/*! elementor - v3.16.0 - 17-10-2023 *\/\n.elementor-widget-image{text-align:center}.elementor-widget-image a{display:inline-block}.elementor-widget-image a img[src$=\".svg\"]{width:48px}.elementor-widget-image img{vertical-align:middle;display:inline-block}<\/style>\t\t\t\t\t\t\t\t\t\t\t\t<img loading=\"lazy\" decoding=\"async\" width=\"800\" height=\"109\" src=\"https:\/\/www.residencepiatana.com\/wp-content\/uploads\/2023\/10\/fond-menu-1024x140.png\" class=\"attachment-large size-large wp-image-17\" alt=\"\" srcset=\"https:\/\/www.residencepiatana.com\/wp-content\/uploads\/2023\/10\/fond-menu-1024x140.png 1024w, https:\/\/www.residencepiatana.com\/wp-content\/uploads\/2023\/10\/fond-menu-300x41.png 300w, https:\/\/www.residencepiatana.com\/wp-content\/uploads\/2023\/10\/fond-menu-768x105.png 768w, https:\/\/www.residencepiatana.com\/wp-content\/uploads\/2023\/10\/fond-menu-1536x210.png 1536w, https:\/\/www.residencepiatana.com\/wp-content\/uploads\/2023\/10\/fond-menu-2048x281.png 2048w\" sizes=\"auto, (max-width: 800px) 100vw, 800px\" \/>\t\t\t\t\t\t\t\t\t\t\t\t\t\t\t<\/div>\n\t\t\t\t<\/div>\n\t\t\t\t<div class=\"elementor-element elementor-element-73b4e8a elementor-widget elementor-widget-text-editor\" data-id=\"73b4e8a\" data-element_type=\"widget\" data-widget_type=\"text-editor.default\">\n\t\t\t\t<div class=\"elementor-widget-container\">\n\t\t\t<style>\/*! elementor - v3.16.0 - 17-10-2023 *\/\n.elementor-widget-text-editor.elementor-drop-cap-view-stacked .elementor-drop-cap{background-color:#69727d;color:#fff}.elementor-widget-text-editor.elementor-drop-cap-view-framed .elementor-drop-cap{color:#69727d;border:3px solid;background-color:transparent}.elementor-widget-text-editor:not(.elementor-drop-cap-view-default) .elementor-drop-cap{margin-top:8px}.elementor-widget-text-editor:not(.elementor-drop-cap-view-default) .elementor-drop-cap-letter{width:1em;height:1em}.elementor-widget-text-editor .elementor-drop-cap{float:left;text-align:center;line-height:1;font-size:50px}.elementor-widget-text-editor .elementor-drop-cap-letter{display:inline-block}<\/style>\t\t\t\t<p>The Residence Piatana sits in a beautiful spot in a sun-filled grove of ancient olive trees redolent of the maquis. A peaceful secluded place where time passes more slowly.\u00a0<\/p><p>In a wild, natural site of great beauty, lulled by the sound of the cicadas, Residence Piatana is where relaxation and lazing about are the order of the day.\u00a0<\/p><p>Away from the hustle and bustle, tucked away in an old olive grove covering 2 hectares, Residence Piatana is 4 km from Propriano, 2 km from the nearest beaches, 800 m from the main road and 1 km from the small local shops.<\/p><p class=\" translation-block\">Consisting of 6 apartments (one bedroom- accommodating 2-4 people) in a large single-storey house, and 4 safari lodges (canvas tent and wood \u2013 accommodating 2-5 people), our Residence with its heated swimming pool, is a perfect mix of the picturesque nature of the island and the nearby sea...<\/p>\t\t\t\t\t\t<\/div>\n\t\t\t\t<\/div>\n\t\t\t\t<div class=\"elementor-element elementor-element-3aa10be elementor-align-center elementor-widget elementor-widget-button\" data-id=\"3aa10be\" data-element_type=\"widget\" data-widget_type=\"button.default\">\n\t\t\t\t<div class=\"elementor-widget-container\">\n\t\t\t\t\t<div class=\"elementor-button-wrapper\">\n\t\t\t<a class=\"elementor-button elementor-button-link elementor-size-sm\" href=\"https:\/\/secure.reservit.com\/reservit\/reserhotel.php?lang=FR&#038;id=421&#038;hotelid=444568\" target=\"_blank\">\n\t\t\t\t\t\t<span class=\"elementor-button-content-wrapper\">\n\t\t\t\t\t\t<span class=\"elementor-button-text\">Availability and online reservations<\/span>\n\t\t<\/span>\n\t\t\t\t\t<\/a>\n\t\t<\/div>\n\t\t\t\t<\/div>\n\t\t\t\t<\/div>\n\t\t\t\t\t<\/div>\n\t\t\t\t<\/div>\n\t\t<div class=\"elementor-element elementor-element-51db75e e-flex e-con-boxed e-con e-parent\" data-id=\"51db75e\" data-element_type=\"container\" data-settings=\"{&quot;content_width&quot;:&quot;boxed&quot;}\" data-core-v316-plus=\"true\">\n\t\t\t\t\t<div class=\"e-con-inner\">\n\t\t<div class=\"elementor-element elementor-element-eb0e17e e-con-full e-flex e-con e-child\" data-id=\"eb0e17e\" data-element_type=\"container\" data-settings=\"{&quot;content_width&quot;:&quot;full&quot;,&quot;background_background&quot;:&quot;classic&quot;}\">\n\t\t\t\t<div class=\"elementor-element elementor-element-36ce90c elementor-widget elementor-widget-heading\" data-id=\"36ce90c\" data-element_type=\"widget\" data-widget_type=\"heading.default\">\n\t\t\t\t<div class=\"elementor-widget-container\">\n\t\t\t<span class=\"elementor-heading-title elementor-size-default\"><a href=\"https:\/\/www.residencepiatana.com\/en\/la-residence\/appartement-t2-vue-mer\/\">APARTMENTS floor<\/a><\/span>\t\t<\/div>\n\t\t\t\t<\/div>\n\t\t\t\t<div class=\"elementor-element elementor-element-c96e444 elementor-widget elementor-widget-heading\" data-id=\"c96e444\" data-element_type=\"widget\" data-widget_type=\"heading.default\">\n\t\t\t\t<div class=\"elementor-widget-container\">\n\t\t\t<span class=\"elementor-heading-title elementor-size-default\">Sea view<\/span>\t\t<\/div>\n\t\t\t\t<\/div>\n\t\t\t\t<\/div>\n\t\t<div class=\"elementor-element elementor-element-266bb70 e-con-full e-flex e-con e-child\" data-id=\"266bb70\" data-element_type=\"container\" data-settings=\"{&quot;content_width&quot;:&quot;full&quot;,&quot;background_background&quot;:&quot;classic&quot;}\">\n\t\t\t\t<div class=\"elementor-element elementor-element-07e7d48 elementor-widget elementor-widget-heading\" data-id=\"07e7d48\" data-element_type=\"widget\" data-widget_type=\"heading.default\">\n\t\t\t\t<div class=\"elementor-widget-container\">\n\t\t\t<span class=\"elementor-heading-title elementor-size-default\"><a href=\"https:\/\/www.residencepiatana.com\/en\/la-residence\/appartement-vue-maquis-type-b\/\">APARTMENTS<\/a><\/span>\t\t<\/div>\n\t\t\t\t<\/div>\n\t\t\t\t<div class=\"elementor-element elementor-element-f17d03a elementor-widget elementor-widget-heading\" data-id=\"f17d03a\" data-element_type=\"widget\" data-widget_type=\"heading.default\">\n\t\t\t\t<div class=\"elementor-widget-container\">\n\t\t\t<span class=\"elementor-heading-title elementor-size-default\">Maquis type B view<\/span>\t\t<\/div>\n\t\t\t\t<\/div>\n\t\t\t\t<\/div>\n\t\t<div class=\"elementor-element elementor-element-7c6b07c e-con-full e-flex e-con e-child\" data-id=\"7c6b07c\" data-element_type=\"container\" data-settings=\"{&quot;content_width&quot;:&quot;full&quot;,&quot;background_background&quot;:&quot;classic&quot;}\">\n\t\t\t\t<div class=\"elementor-element elementor-element-dc80939 elementor-widget elementor-widget-heading\" data-id=\"dc80939\" data-element_type=\"widget\" data-widget_type=\"heading.default\">\n\t\t\t\t<div class=\"elementor-widget-container\">\n\t\t\t<span class=\"elementor-heading-title elementor-size-default\"><a href=\"https:\/\/www.residencepiatana.com\/en\/la-residence\/appartement-rdc-maquis-type-a\/\">GROUND FLOOR APARTMENTS<\/a><\/span>\t\t<\/div>\n\t\t\t\t<\/div>\n\t\t\t\t<div class=\"elementor-element elementor-element-edbfc69 elementor-widget elementor-widget-heading\" data-id=\"edbfc69\" data-element_type=\"widget\" data-widget_type=\"heading.default\">\n\t\t\t\t<div class=\"elementor-widget-container\">\n\t\t\t<span class=\"elementor-heading-title elementor-size-default\">Maquis type A view<\/span>\t\t<\/div>\n\t\t\t\t<\/div>\n\t\t\t\t<\/div>\n\t\t<div class=\"elementor-element elementor-element-d4e83c2 e-con-full e-flex e-con e-child\" data-id=\"d4e83c2\" data-element_type=\"container\" data-settings=\"{&quot;content_width&quot;:&quot;full&quot;,&quot;background_background&quot;:&quot;classic&quot;}\">\n\t\t\t\t<div class=\"elementor-element elementor-element-aa7b66c elementor-widget elementor-widget-heading\" data-id=\"aa7b66c\" data-element_type=\"widget\" data-widget_type=\"heading.default\">\n\t\t\t\t<div class=\"elementor-widget-container\">\n\t\t\t<span class=\"elementor-heading-title elementor-size-default\"><a href=\"https:\/\/www.residencepiatana.com\/en\/la-residence\/lodges-safari-vue-mer\/\">Safari lodges<\/a><\/span>\t\t<\/div>\n\t\t\t\t<\/div>\n\t\t\t\t<div class=\"elementor-element elementor-element-29190aa elementor-widget elementor-widget-heading\" data-id=\"29190aa\" data-element_type=\"widget\" data-widget_type=\"heading.default\">\n\t\t\t\t<div class=\"elementor-widget-container\">\n\t\t\t<span class=\"elementor-heading-title elementor-size-default\">Sea view<\/span>\t\t<\/div>\n\t\t\t\t<\/div>\n\t\t\t\t<\/div>\n\t\t<div class=\"elementor-element elementor-element-e7b1b18 e-con-full e-flex e-con e-child\" data-id=\"e7b1b18\" data-element_type=\"container\" data-settings=\"{&quot;content_width&quot;:&quot;full&quot;,&quot;background_background&quot;:&quot;classic&quot;}\">\n\t\t\t\t<div class=\"elementor-element elementor-element-558af9d elementor-widget elementor-widget-heading\" data-id=\"558af9d\" data-element_type=\"widget\" data-widget_type=\"heading.default\">\n\t\t\t\t<div class=\"elementor-widget-container\">\n\t\t\t<span class=\"elementor-heading-title elementor-size-default\"><a href=\"https:\/\/www.residencepiatana.com\/en\/la-residence\/lodge-safari-vue-maquis\/\">Safari Lodge<\/a><\/span>\t\t<\/div>\n\t\t\t\t<\/div>\n\t\t\t\t<div class=\"elementor-element elementor-element-cec514f elementor-widget elementor-widget-heading\" data-id=\"cec514f\" data-element_type=\"widget\" data-widget_type=\"heading.default\">\n\t\t\t\t<div class=\"elementor-widget-container\">\n\t\t\t<span class=\"elementor-heading-title elementor-size-default\">Maquis View<\/span>\t\t<\/div>\n\t\t\t\t<\/div>\n\t\t\t\t<\/div>\n\t\t\t\t\t<\/div>\n\t\t\t\t<\/div>\n\t\t<div class=\"elementor-element elementor-element-f47c20a e-flex e-con-boxed e-con e-parent\" data-id=\"f47c20a\" data-element_type=\"container\" data-settings=\"{&quot;content_width&quot;:&quot;boxed&quot;}\" data-core-v316-plus=\"true\">\n\t\t\t\t\t<div class=\"e-con-inner\">\n\t\t<div class=\"elementor-element elementor-element-f56c93f e-con-full e-flex e-con e-child\" data-id=\"f56c93f\" data-element_type=\"container\" data-settings=\"{&quot;content_width&quot;:&quot;full&quot;}\">\n\t\t\t\t<div class=\"elementor-element elementor-element-bcbc802 elementor-widget elementor-widget-heading\" data-id=\"bcbc802\" data-element_type=\"widget\" data-widget_type=\"heading.default\">\n\t\t\t\t<div class=\"elementor-widget-container\">\n\t\t\t<h2 class=\"elementor-heading-title elementor-size-default\">Surroundings<\/h2>\t\t<\/div>\n\t\t\t\t<\/div>\n\t\t\t\t<div class=\"elementor-element elementor-element-2faa317 elementor-widget elementor-widget-image\" data-id=\"2faa317\" data-element_type=\"widget\" data-widget_type=\"image.default\">\n\t\t\t\t<div class=\"elementor-widget-container\">\n\t\t\t\t\t\t\t\t\t\t\t\t\t\t\t<img loading=\"lazy\" decoding=\"async\" width=\"800\" height=\"109\" src=\"https:\/\/www.residencepiatana.com\/wp-content\/uploads\/2023\/10\/fond-menu-1024x140.png\" class=\"attachment-large size-large wp-image-17\" alt=\"\" srcset=\"https:\/\/www.residencepiatana.com\/wp-content\/uploads\/2023\/10\/fond-menu-1024x140.png 1024w, https:\/\/www.residencepiatana.com\/wp-content\/uploads\/2023\/10\/fond-menu-300x41.png 300w, https:\/\/www.residencepiatana.com\/wp-content\/uploads\/2023\/10\/fond-menu-768x105.png 768w, https:\/\/www.residencepiatana.com\/wp-content\/uploads\/2023\/10\/fond-menu-1536x210.png 1536w, https:\/\/www.residencepiatana.com\/wp-content\/uploads\/2023\/10\/fond-menu-2048x281.png 2048w\" sizes=\"auto, (max-width: 800px) 100vw, 800px\" \/>\t\t\t\t\t\t\t\t\t\t\t\t\t\t\t<\/div>\n\t\t\t\t<\/div>\n\t\t\t\t<div class=\"elementor-element elementor-element-3c0aa7f elementor-widget elementor-widget-text-editor\" data-id=\"3c0aa7f\" data-element_type=\"widget\" data-widget_type=\"text-editor.default\">\n\t\t\t\t<div class=\"elementor-widget-container\">\n\t\t\t\t\t\t\t<p>For invigorating or relaxing holidays, with family or friends, for lovers of nature, the sea, or the mountains, the surroundings of our residences offer you a wealth of leisure activities for a tailor-made holiday.<\/p><p class=\" translation-block\">40 kilometres of beaches offer an endless range of water sports: sub aqua, wind surfing, sailing, canoeing, kayak, jet ski, water skiing, fishing as well as boat trips to admire the shores of the Gulf, inaccessible by car, in a glass bottomed boat. If you find the atmosphere of the beach too stifling why not explore the inland area of the Gulf with its world class archaeological sites including the renowned site of Filitosa.<\/p><p>There are activities for everyone whether you are a couple, family or group of friends. So be tempted by: quads, mountain biking, treetops adventure courses, via ferrata and canyoning at Baracci, donkey trekking in the Corsican \u2018maquis\u2019 (very popular with children), horseback riding on the beach, in the mountains and the maquis, golf at Sperone 60 km away, climbing, tennis, local swimming pool, sports and fitness facilities, parachute jumps from Tavaria aerodrome.<\/p>\t\t\t\t\t\t<\/div>\n\t\t\t\t<\/div>\n\t\t\t\t<div class=\"elementor-element elementor-element-d86b564 elementor-align-center elementor-widget elementor-widget-button\" data-id=\"d86b564\" data-element_type=\"widget\" data-widget_type=\"button.default\">\n\t\t\t\t<div class=\"elementor-widget-container\">\n\t\t\t\t\t<div class=\"elementor-button-wrapper\">\n\t\t\t<a class=\"elementor-button elementor-button-link elementor-size-sm\" href=\"https:\/\/www.residencepiatana.com\/en\/aux-alentours\/\">\n\t\t\t\t\t\t<span class=\"elementor-button-content-wrapper\">\n\t\t\t\t\t\t<span class=\"elementor-button-text\">Learn more<\/span>\n\t\t<\/span>\n\t\t\t\t\t<\/a>\n\t\t<\/div>\n\t\t\t\t<\/div>\n\t\t\t\t<\/div>\n\t\t\t\t<\/div>\n\t\t<div class=\"elementor-element elementor-element-6acd0ca e-con-full e-flex e-con e-child\" data-id=\"6acd0ca\" data-element_type=\"container\" data-settings=\"{&quot;content_width&quot;:&quot;full&quot;,&quot;background_background&quot;:&quot;classic&quot;}\">\n\t\t\t\t<div class=\"elementor-element elementor-element-6beebf8 elementor-widget elementor-widget-heading\" data-id=\"6beebf8\" data-element_type=\"widget\" data-widget_type=\"heading.default\">\n\t\t\t\t<div class=\"elementor-widget-container\">\n\t\t\t<span class=\"elementor-heading-title elementor-size-default\">The coves of Valinco<\/span>\t\t<\/div>\n\t\t\t\t<\/div>\n\t\t\t\t<\/div>\n\t\t\t\t\t<\/div>\n\t\t\t\t<\/div>\n\t\t\t\t\t\t\t<\/div>","protected":false},"excerpt":{"rendered":"<p>Welcome to the Piatana residence in Olmeto Piatana, it is the charm of an olive grove bathed in sunshine, which smells of the maquis, a combination of authenticity and intimacy. Quietness and gentleness, the calm reigns there without equal... Lulled by the song of cicadas, in the context of a natural and wild site of great beauty, the Piatana residence is [\u2026]<\/p>","protected":false},"author":1,"featured_media":0,"parent":0,"menu_order":0,"comment_status":"closed","ping_status":"closed","template":"elementor_header_footer","meta":{"footnotes":""},"class_list":["post-42","page","type-page","status-publish","hentry"],"yoast_head":"<!-- This site is optimized with the Yoast SEO plugin v21.9.1 - https:\/\/yoast.com\/wordpress\/plugins\/seo\/ -->\n<title>A Piatana - R\u00e9sidence \u00e0 Olmeto - Location de lodges et appartements<\/title>\n<meta name=\"description\" content=\"A Piatana c&#039;est une r\u00e9sidence au coeur d&#039;une oliveraie \u00e0 Olmeto, \u00e0 2 minutes de Propriano dans le Valinco, avec appartements et lodges \u00e0 louer.\" \/>\n<meta name=\"robots\" content=\"index, follow, max-snippet:-1, max-image-preview:large, max-video-preview:-1\" \/>\n<link rel=\"canonical\" href=\"https:\/\/www.residencepiatana.com\/en\/\" \/>\n<meta property=\"og:locale\" content=\"en_GB\" \/>\n<meta property=\"og:type\" content=\"article\" \/>\n<meta property=\"og:title\" content=\"A Piatana - R\u00e9sidence \u00e0 Olmeto - Location de lodges et appartements\" \/>\n<meta property=\"og:description\" content=\"A Piatana c&#039;est une r\u00e9sidence au coeur d&#039;une oliveraie \u00e0 Olmeto, \u00e0 2 minutes de Propriano dans le Valinco, avec appartements et lodges \u00e0 louer.\" \/>\n<meta property=\"og:url\" content=\"https:\/\/www.residencepiatana.com\/en\/\" \/>\n<meta property=\"og:site_name\" content=\"A Piatana - R\u00e9sidence \u00e0 Olmeto en Corse du Sud\" \/>\n<meta property=\"article:modified_time\" content=\"2024-01-28T05:37:55+00:00\" \/>\n<meta property=\"og:image\" content=\"https:\/\/www.residencepiatana.com\/wp-content\/uploads\/2023\/10\/fond-menu-1024x140.png\" \/>\n<meta name=\"twitter:card\" content=\"summary_large_image\" \/>\n<meta name=\"twitter:label1\" content=\"Estimated reading time\" \/>\n\t<meta name=\"twitter:data1\" content=\"3 minutes\" \/>\n<script type=\"application\/ld+json\" class=\"yoast-schema-graph\">{\"@context\":\"https:\/\/schema.org\",\"@graph\":[{\"@type\":\"WebPage\",\"@id\":\"https:\/\/www.residencepiatana.com\/\",\"url\":\"https:\/\/www.residencepiatana.com\/\",\"name\":\"A Piatana - R\u00e9sidence \u00e0 Olmeto - Location de lodges et appartements\",\"isPartOf\":{\"@id\":\"https:\/\/www.residencepiatana.com\/#website\"},\"datePublished\":\"2023-10-23T07:20:25+00:00\",\"dateModified\":\"2024-01-28T05:37:55+00:00\",\"description\":\"A Piatana c'est une r\u00e9sidence au coeur d'une oliveraie \u00e0 Olmeto, \u00e0 2 minutes de Propriano dans le Valinco, avec appartements et lodges \u00e0 louer.\",\"breadcrumb\":{\"@id\":\"https:\/\/www.residencepiatana.com\/#breadcrumb\"},\"inLanguage\":\"en-GB\",\"potentialAction\":[{\"@type\":\"ReadAction\",\"target\":[\"https:\/\/www.residencepiatana.com\/\"]}]},{\"@type\":\"BreadcrumbList\",\"@id\":\"https:\/\/www.residencepiatana.com\/#breadcrumb\",\"itemListElement\":[{\"@type\":\"ListItem\",\"position\":1,\"name\":\"Accueil\",\"item\":\"https:\/\/www.residencepiatana.com\/\"},{\"@type\":\"ListItem\",\"position\":2,\"name\":\"Accueil\"}]},{\"@type\":\"WebSite\",\"@id\":\"https:\/\/www.residencepiatana.com\/#website\",\"url\":\"https:\/\/www.residencepiatana.com\/\",\"name\":\"A Piatana - R\u00e9sidence \u00e0 Olmeto en Corse du Sud\",\"description\":\"\",\"publisher\":{\"@id\":\"https:\/\/www.residencepiatana.com\/#organization\"},\"potentialAction\":[{\"@type\":\"SearchAction\",\"target\":{\"@type\":\"EntryPoint\",\"urlTemplate\":\"https:\/\/www.residencepiatana.com\/?s={search_term_string}\"},\"query-input\":\"required name=search_term_string\"}],\"inLanguage\":\"en-GB\"},{\"@type\":\"Organization\",\"@id\":\"https:\/\/www.residencepiatana.com\/#organization\",\"name\":\"A Piatana - R\u00e9sidence \u00e0 Olmeto en Corse du Sud\",\"url\":\"https:\/\/www.residencepiatana.com\/\",\"logo\":{\"@type\":\"ImageObject\",\"inLanguage\":\"en-GB\",\"@id\":\"https:\/\/www.residencepiatana.com\/#\/schema\/logo\/image\/\",\"url\":\"https:\/\/www.residencepiatana.com\/wp-content\/uploads\/2023\/10\/Logo_Piatana_Couleur.png\",\"contentUrl\":\"https:\/\/www.residencepiatana.com\/wp-content\/uploads\/2023\/10\/Logo_Piatana_Couleur.png\",\"width\":1280,\"height\":612,\"caption\":\"A Piatana - R\u00e9sidence \u00e0 Olmeto en Corse du Sud\"},\"image\":{\"@id\":\"https:\/\/www.residencepiatana.com\/#\/schema\/logo\/image\/\"}}]}<\/script>\n<!-- \/ Yoast SEO plugin. -->","yoast_head_json":{"title":"A Piatana - R\u00e9sidence \u00e0 Olmeto - Location de lodges et appartements","description":"A Piatana c'est une r\u00e9sidence au coeur d'une oliveraie \u00e0 Olmeto, \u00e0 2 minutes de Propriano dans le Valinco, avec appartements et lodges \u00e0 louer.","robots":{"index":"index","follow":"follow","max-snippet":"max-snippet:-1","max-image-preview":"max-image-preview:large","max-video-preview":"max-video-preview:-1"},"canonical":"https:\/\/www.residencepiatana.com\/en\/","og_locale":"en_GB","og_type":"article","og_title":"A Piatana - R\u00e9sidence \u00e0 Olmeto - Location de lodges et appartements","og_description":"A Piatana c'est une r\u00e9sidence au coeur d'une oliveraie \u00e0 Olmeto, \u00e0 2 minutes de Propriano dans le Valinco, avec appartements et lodges \u00e0 louer.","og_url":"https:\/\/www.residencepiatana.com\/en\/","og_site_name":"A Piatana - R\u00e9sidence \u00e0 Olmeto en Corse du Sud","article_modified_time":"2024-01-28T05:37:55+00:00","og_image":[{"url":"https:\/\/www.residencepiatana.com\/wp-content\/uploads\/2023\/10\/fond-menu-1024x140.png"}],"twitter_card":"summary_large_image","twitter_misc":{"Estimated reading time":"3 minutes"},"schema":{"@context":"https:\/\/schema.org","@graph":[{"@type":"WebPage","@id":"https:\/\/www.residencepiatana.com\/","url":"https:\/\/www.residencepiatana.com\/","name":"A Piatana - R\u00e9sidence \u00e0 Olmeto - Location de lodges et appartements","isPartOf":{"@id":"https:\/\/www.residencepiatana.com\/#website"},"datePublished":"2023-10-23T07:20:25+00:00","dateModified":"2024-01-28T05:37:55+00:00","description":"A Piatana c'est une r\u00e9sidence au coeur d'une oliveraie \u00e0 Olmeto, \u00e0 2 minutes de Propriano dans le Valinco, avec appartements et lodges \u00e0 louer.","breadcrumb":{"@id":"https:\/\/www.residencepiatana.com\/#breadcrumb"},"inLanguage":"en-GB","potentialAction":[{"@type":"ReadAction","target":["https:\/\/www.residencepiatana.com\/"]}]},{"@type":"BreadcrumbList","@id":"https:\/\/www.residencepiatana.com\/#breadcrumb","itemListElement":[{"@type":"ListItem","position":1,"name":"Accueil","item":"https:\/\/www.residencepiatana.com\/"},{"@type":"ListItem","position":2,"name":"Accueil"}]},{"@type":"WebSite","@id":"https:\/\/www.residencepiatana.com\/#website","url":"https:\/\/www.residencepiatana.com\/","name":"A Piatana - R\u00e9sidence \u00e0 Olmeto en Corse du Sud","description":"","publisher":{"@id":"https:\/\/www.residencepiatana.com\/#organization"},"potentialAction":[{"@type":"SearchAction","target":{"@type":"EntryPoint","urlTemplate":"https:\/\/www.residencepiatana.com\/?s={search_term_string}"},"query-input":"required name=search_term_string"}],"inLanguage":"en-GB"},{"@type":"Organization","@id":"https:\/\/www.residencepiatana.com\/#organization","name":"A Piatana - R\u00e9sidence \u00e0 Olmeto en Corse du Sud","url":"https:\/\/www.residencepiatana.com\/","logo":{"@type":"ImageObject","inLanguage":"en-GB","@id":"https:\/\/www.residencepiatana.com\/#\/schema\/logo\/image\/","url":"https:\/\/www.residencepiatana.com\/wp-content\/uploads\/2023\/10\/Logo_Piatana_Couleur.png","contentUrl":"https:\/\/www.residencepiatana.com\/wp-content\/uploads\/2023\/10\/Logo_Piatana_Couleur.png","width":1280,"height":612,"caption":"A Piatana - R\u00e9sidence \u00e0 Olmeto en Corse du Sud"},"image":{"@id":"https:\/\/www.residencepiatana.com\/#\/schema\/logo\/image\/"}}]}},"_links":{"self":[{"href":"https:\/\/www.residencepiatana.com\/en\/wp-json\/wp\/v2\/pages\/42","targetHints":{"allow":["GET"]}}],"collection":[{"href":"https:\/\/www.residencepiatana.com\/en\/wp-json\/wp\/v2\/pages"}],"about":[{"href":"https:\/\/www.residencepiatana.com\/en\/wp-json\/wp\/v2\/types\/page"}],"author":[{"embeddable":true,"href":"https:\/\/www.residencepiatana.com\/en\/wp-json\/wp\/v2\/users\/1"}],"replies":[{"embeddable":true,"href":"https:\/\/www.residencepiatana.com\/en\/wp-json\/wp\/v2\/comments?post=42"}],"version-history":[{"count":58,"href":"https:\/\/www.residencepiatana.com\/en\/wp-json\/wp\/v2\/pages\/42\/revisions"}],"predecessor-version":[{"id":408,"href":"https:\/\/www.residencepiatana.com\/en\/wp-json\/wp\/v2\/pages\/42\/revisions\/408"}],"wp:attachment":[{"href":"https:\/\/www.residencepiatana.com\/en\/wp-json\/wp\/v2\/media?parent=42"}],"curies":[{"name":"wp","href":"https:\/\/api.w.org\/{rel}","templated":true}]}}