{"id":310,"date":"2024-01-25T09:28:05","date_gmt":"2024-01-25T08:28:05","guid":{"rendered":"https:\/\/new.residencepiatana.com\/?page_id=310"},"modified":"2024-01-25T09:28:05","modified_gmt":"2024-01-25T08:28:05","slug":"conditions-generales-de-vente-et-reglement-interieur","status":"publish","type":"page","link":"https:\/\/www.residencepiatana.com\/en\/conditions-generales-de-vente-et-reglement-interieur\/","title":{"rendered":"General conditions of sale and internal regulations"},"content":{"rendered":"<p>The reservation process entails adherence to these General Conditions of Sale and complete and unreserved acceptance of their provisions.<br>The reservation becomes effective upon receipt of payment of a deposit of 50% of the total amount, for a flexible rate, and of the total amount of the stay for a non-cancelable, non-refundable and non-modifiable rate.<\/p>\n\n\n\n<p><strong>1 \u2013 Reservation and cancellation conditions non-refundable rate:<\/strong><\/p>\n\n\n\n<p>Non-cancellable and non-refundable reservations are paid in full upon reservation. Prepayment is required by credit card. Once the reservation is made, there is no possibility of modification or cancellation. No refund is possible, even in the event of no-show (No Show).<\/p>\n\n\n\n<p><strong>2 \u2013 Flexible rate reservation and cancellation conditions:<\/strong><\/p>\n\n\n\n<p>A valid credit card is required to guarantee the reservation. A prepayment of 50% of the total amount is required when booking. If the reservation is made less than 20 days before the arrival date, the full prepayment will be requested. Payment of the balance of the stay will be made on site when the keys are handed over.<br>Cancellations and modifications must be notified to us by email at info@residencepiatana.com<br>The modification of a reservation is only firm and definitive after our written confirmation. Cancellation of a reservation is only effective after our written confirmation.<br>Requests for modifications may result, where applicable, in the application of cancellation conditions.<br>Here is the cancellation fee regime:<\/p>\n\n\n\n<ul class=\"wp-block-list\">\n<li>Less than 30 days before the arrival date, the deposit paid will be refunded to you, less administrative fees of \u20ac50.<\/li>\n\n\n\n<li>Between 30 days and 21 days before the arrival date, the deposit of 50% of the total amount of the reservation will be charged.<\/li>\n\n\n\n<li>Between 20 days or no show on arrival (No Show), 100% of the total amount will be charged.<br>Any interrupted or shortened stay, for whatever reason (including force majeure), will not give rise to any refund.<br>We advise you to take out cancellation insurance. Consult your insurance company or your credit card contract.<\/li>\n<\/ul>\n\n\n\n<p><strong>3 \u2013 Prices and payment terms:<\/strong><\/p>\n\n\n\n<p>Our rates are based on a certain number of nights and not days. They are inclusive of all taxes and charges (water, electricity, gas, air conditioning, use of the heated swimming pool, WIFI, access to parking). They do not include: tourist tax, obligatory end-of-stay cleaning (when applicable), the deposit, payable on site, upon handing over the keys, as well as any additional services.<br>Accepted payment methods are: credit card, bank check, bank transfer, holiday vouchers (up to 30% of the price of the stay) or cash.<\/p>\n\n\n\n<p><strong>4 \u2013 Arrival and departure times:<\/strong><\/p>\n\n\n\n<p>Arrivals are mainly from 4:00 p.m. Departures must be made at or before 9:30 a.m. for weekday stays and at or before 11:00 a.m. for overnight stays.<br>If due to a major impediment you cannot arrive before 8:00 p.m., it is essential to notify reception at least 24 hours in advance, who will then make arrangements directly with you so that you can find the keys to your accommodation at your arrival. Failure to hand over keys in the event of arrival after 8:00 p.m. cannot under any circumstances be attributed to the Residence and will not give rise to any compensation.<\/p>\n\n\n\n<p><strong>5 \u2013 Deposit:<\/strong><\/p>\n\n\n\n<p>A deposit will be required on the day of arrival, by pre-authorization of a bank card (\u20ac500 for weekly stays; the amount of one night for overnight stays).<br>The accommodation is available to you in a perfect state of maintenance. A check of the rented premises is carried out on each departure during cleaning of the accommodation. Please inform us of any anomaly noted within 24 hours of your arrival. After this period, you will be held responsible. Furniture, objects or other items which, upon your departure, are missing, broken, or damaged, for a cause other than normal wear and tear, will be invoiced after notifying you and justifying the necessary amounts.<br>The premises must be left in a suitable state of cleanliness. Failing this, a lump sum of \u20ac100 will be withheld from the deposit.<br>The deposit will be canceled within 48 hours after your departure, deducting any items replaced and additional cleaning noted during cleaning of the accommodation, as well as unpaid additional costs (tokens for laundry, etc.).<br>If your deposit proves insufficient to cover the damage caused, you undertake to complete the amount.<\/p>\n\n\n\n<p><strong>6 \u2013 Responsibility:<\/strong><\/p>\n\n\n\n<p>In accordance with current legislation, rental in a Tourist Residence is not part of the responsibility of hoteliers. Consequently, we cannot be held liable in the event of loss, theft or damage to your personal effects in our residence (accommodation, parking, common premises). We remind you that we cannot be held responsible for forgetting personal effects inside your accommodation when leaving the premises.<br>For the security of your valuable belongings, a safe is available in all rooms.<br>Supervision of children is the responsibility of the parents. The residence declines all responsibility for accidents that may occur to children, particularly in the swimming pool.<br>We cannot be held responsible for any nuisances specific to the city (works, water or electricity cuts, etc.) which would disrupt your stay.<br>In the event of events beyond our control, or for security or maintenance reasons, we may be obliged to close a site or facility (collective laundry, heated swimming pool, TV, WIFI, etc.). We cannot be held responsible for these events and no compensation can be requested.<\/p>\n\n\n\n<p><strong>7\u2013Children:<\/strong><\/p>\n\n\n\n<p>Children under 3 years old stay free of charge. A travel cot, a bathtub, a high chair, a pot and a soup blender are available to you free of charge, on request and subject to availability (sheets not provided).<\/p>\n\n\n\n<p><strong>8 \u2013 Visitors:<\/strong><\/p>\n\n\n\n<p>The residence is a private domain reserved for its customers. Anyone not appearing on the reservation is considered a visitor. As such, she must report to reception and obtain possible authorization to enter.<br>Admitted visitors are the responsibility of the tenants who receive them. Under no circumstances do they have access to the facilities of the residence and in particular to the swimming pool. The reception of visitors will only be permitted occasionally, and, in no case, for the entire duration of the stay.<br>If the number of occupants of the accommodation exceeds the capacity indicated by contract, when booking, we reserve the right to refuse additional people.<\/p>\n\n\n\n<p><strong>9 \u2013 Swimming pool:<\/strong><\/p>\n\n\n\n<p>Supervision of children is the responsibility of the parents. The residence declines all responsibility for accidents that may occur to children. Before entering the water, swimmers must take a shower. Wearing a swimsuit is obligatory, as are armbands for children and a diaper for the little ones.<br>Inflatable buoys and ball games that could disturb the peace and quiet of other swimmers are prohibited.<\/p>\n\n\n\n<p><strong>10 \u2013 Domestic animals:<\/strong><\/p>\n\n\n\n<p>For safety and hygiene reasons, our animal friends are not allowed in our residence. You will therefore not be able, under any circumstances, to bring an animal into the rented premises.<\/p>\n\n\n\n<p><strong>11 \u2013 Vehicles:<\/strong><\/p>\n\n\n\n<p>Washing vehicles with a jet of water or a vacuum cleaner is prohibited.<br>Charging electric vehicles is prohibited in accommodation.<\/p>\n\n\n\n<p><strong>12 \u2013 Non-compliance with the internal regulations:<\/strong><\/p>\n\n\n\n<p>We reserve the right to terminate the rental contract immediately and without compensation in the following cases: if the accommodation is occupied by a greater number of people than that specified in the contract; if the occupants are the subject of complaints from the neighborhood for noise or non-compliance with the internal regulations of the residence; and for any degradation of common areas.<\/p>","protected":false},"excerpt":{"rendered":"<p>The reservation process entails adherence to these General Conditions of Sale and complete and unreserved acceptance of their provisions. The reservation becomes effective upon receipt of payment of a deposit of 50% of the total amount, for a flexible rate, and the total amount of the stay for a non-cancelable, non-refundable and non-\u2026<\/p>","protected":false},"author":1,"featured_media":0,"parent":0,"menu_order":0,"comment_status":"closed","ping_status":"closed","template":"","meta":{"footnotes":""},"class_list":["post-310","page","type-page","status-publish","hentry"],"yoast_head":"<!-- This site is optimized with the Yoast SEO plugin v21.9.1 - https:\/\/yoast.com\/wordpress\/plugins\/seo\/ -->\n<title>Conditions g\u00e9n\u00e9rales de vente et r\u00e8glement int\u00e9rieur - A Piatana - R\u00e9sidence \u00e0 Olmeto en Corse du Sud<\/title>\n<meta name=\"robots\" content=\"index, follow, max-snippet:-1, max-image-preview:large, max-video-preview:-1\" \/>\n<link rel=\"canonical\" href=\"https:\/\/www.residencepiatana.com\/en\/conditions-generales-de-vente-et-reglement-interieur\/\" \/>\n<meta property=\"og:locale\" content=\"en_GB\" \/>\n<meta property=\"og:type\" content=\"article\" \/>\n<meta property=\"og:title\" content=\"Conditions g\u00e9n\u00e9rales de vente et r\u00e8glement int\u00e9rieur - A Piatana - R\u00e9sidence \u00e0 Olmeto en Corse du Sud\" \/>\n<meta property=\"og:description\" content=\"Le processus de r\u00e9servation entra\u00eene l\u2019adh\u00e9sion aux pr\u00e9sentes Conditions G\u00e9n\u00e9rales de Vente et l\u2019acceptation compl\u00e8te et sans r\u00e9serve de leurs dispositions.La r\u00e9servation devient effective \u00e0 la r\u00e9ception du paiement d&rsquo;un acompte de 50% du montant total, pour un tarif flexible, et du montant total du s\u00e9jour pour un tarif non annulable, non remboursable et non [&hellip;]\" \/>\n<meta property=\"og:url\" content=\"https:\/\/www.residencepiatana.com\/en\/conditions-generales-de-vente-et-reglement-interieur\/\" \/>\n<meta property=\"og:site_name\" content=\"A Piatana - R\u00e9sidence \u00e0 Olmeto en Corse du Sud\" \/>\n<meta name=\"twitter:card\" content=\"summary_large_image\" \/>\n<meta name=\"twitter:label1\" content=\"Estimated reading time\" \/>\n\t<meta name=\"twitter:data1\" content=\"7 minutes\" \/>\n<script type=\"application\/ld+json\" class=\"yoast-schema-graph\">{\"@context\":\"https:\/\/schema.org\",\"@graph\":[{\"@type\":\"WebPage\",\"@id\":\"https:\/\/www.residencepiatana.com\/conditions-generales-de-vente-et-reglement-interieur\/\",\"url\":\"https:\/\/www.residencepiatana.com\/conditions-generales-de-vente-et-reglement-interieur\/\",\"name\":\"Conditions g\u00e9n\u00e9rales de vente et r\u00e8glement int\u00e9rieur - A Piatana - R\u00e9sidence \u00e0 Olmeto en Corse du Sud\",\"isPartOf\":{\"@id\":\"https:\/\/www.residencepiatana.com\/#website\"},\"datePublished\":\"2024-01-25T08:28:05+00:00\",\"dateModified\":\"2024-01-25T08:28:05+00:00\",\"breadcrumb\":{\"@id\":\"https:\/\/www.residencepiatana.com\/conditions-generales-de-vente-et-reglement-interieur\/#breadcrumb\"},\"inLanguage\":\"en-GB\",\"potentialAction\":[{\"@type\":\"ReadAction\",\"target\":[\"https:\/\/www.residencepiatana.com\/conditions-generales-de-vente-et-reglement-interieur\/\"]}]},{\"@type\":\"BreadcrumbList\",\"@id\":\"https:\/\/www.residencepiatana.com\/conditions-generales-de-vente-et-reglement-interieur\/#breadcrumb\",\"itemListElement\":[{\"@type\":\"ListItem\",\"position\":1,\"name\":\"Accueil\",\"item\":\"https:\/\/www.residencepiatana.com\/\"},{\"@type\":\"ListItem\",\"position\":2,\"name\":\"Conditions g\u00e9n\u00e9rales de vente et r\u00e8glement int\u00e9rieur\"}]},{\"@type\":\"WebSite\",\"@id\":\"https:\/\/www.residencepiatana.com\/#website\",\"url\":\"https:\/\/www.residencepiatana.com\/\",\"name\":\"A Piatana - R\u00e9sidence \u00e0 Olmeto en Corse du Sud\",\"description\":\"\",\"publisher\":{\"@id\":\"https:\/\/www.residencepiatana.com\/#organization\"},\"potentialAction\":[{\"@type\":\"SearchAction\",\"target\":{\"@type\":\"EntryPoint\",\"urlTemplate\":\"https:\/\/www.residencepiatana.com\/?s={search_term_string}\"},\"query-input\":\"required name=search_term_string\"}],\"inLanguage\":\"en-GB\"},{\"@type\":\"Organization\",\"@id\":\"https:\/\/www.residencepiatana.com\/#organization\",\"name\":\"A Piatana - R\u00e9sidence \u00e0 Olmeto en Corse du Sud\",\"url\":\"https:\/\/www.residencepiatana.com\/\",\"logo\":{\"@type\":\"ImageObject\",\"inLanguage\":\"en-GB\",\"@id\":\"https:\/\/www.residencepiatana.com\/#\/schema\/logo\/image\/\",\"url\":\"https:\/\/www.residencepiatana.com\/wp-content\/uploads\/2023\/10\/Logo_Piatana_Couleur.png\",\"contentUrl\":\"https:\/\/www.residencepiatana.com\/wp-content\/uploads\/2023\/10\/Logo_Piatana_Couleur.png\",\"width\":1280,\"height\":612,\"caption\":\"A Piatana - R\u00e9sidence \u00e0 Olmeto en Corse du Sud\"},\"image\":{\"@id\":\"https:\/\/www.residencepiatana.com\/#\/schema\/logo\/image\/\"}}]}<\/script>\n<!-- \/ Yoast SEO plugin. -->","yoast_head_json":{"title":"Conditions g\u00e9n\u00e9rales de vente et r\u00e8glement int\u00e9rieur - A Piatana - R\u00e9sidence \u00e0 Olmeto en Corse du Sud","robots":{"index":"index","follow":"follow","max-snippet":"max-snippet:-1","max-image-preview":"max-image-preview:large","max-video-preview":"max-video-preview:-1"},"canonical":"https:\/\/www.residencepiatana.com\/en\/conditions-generales-de-vente-et-reglement-interieur\/","og_locale":"en_GB","og_type":"article","og_title":"Conditions g\u00e9n\u00e9rales de vente et r\u00e8glement int\u00e9rieur - A Piatana - R\u00e9sidence \u00e0 Olmeto en Corse du Sud","og_description":"Le processus de r\u00e9servation entra\u00eene l\u2019adh\u00e9sion aux pr\u00e9sentes Conditions G\u00e9n\u00e9rales de Vente et l\u2019acceptation compl\u00e8te et sans r\u00e9serve de leurs dispositions.La r\u00e9servation devient effective \u00e0 la r\u00e9ception du paiement d&rsquo;un acompte de 50% du montant total, pour un tarif flexible, et du montant total du s\u00e9jour pour un tarif non annulable, non remboursable et non [&hellip;]","og_url":"https:\/\/www.residencepiatana.com\/en\/conditions-generales-de-vente-et-reglement-interieur\/","og_site_name":"A Piatana - R\u00e9sidence \u00e0 Olmeto en Corse du Sud","twitter_card":"summary_large_image","twitter_misc":{"Estimated reading time":"7 minutes"},"schema":{"@context":"https:\/\/schema.org","@graph":[{"@type":"WebPage","@id":"https:\/\/www.residencepiatana.com\/conditions-generales-de-vente-et-reglement-interieur\/","url":"https:\/\/www.residencepiatana.com\/conditions-generales-de-vente-et-reglement-interieur\/","name":"Conditions g\u00e9n\u00e9rales de vente et r\u00e8glement int\u00e9rieur - A Piatana - R\u00e9sidence \u00e0 Olmeto en Corse du Sud","isPartOf":{"@id":"https:\/\/www.residencepiatana.com\/#website"},"datePublished":"2024-01-25T08:28:05+00:00","dateModified":"2024-01-25T08:28:05+00:00","breadcrumb":{"@id":"https:\/\/www.residencepiatana.com\/conditions-generales-de-vente-et-reglement-interieur\/#breadcrumb"},"inLanguage":"en-GB","potentialAction":[{"@type":"ReadAction","target":["https:\/\/www.residencepiatana.com\/conditions-generales-de-vente-et-reglement-interieur\/"]}]},{"@type":"BreadcrumbList","@id":"https:\/\/www.residencepiatana.com\/conditions-generales-de-vente-et-reglement-interieur\/#breadcrumb","itemListElement":[{"@type":"ListItem","position":1,"name":"Accueil","item":"https:\/\/www.residencepiatana.com\/"},{"@type":"ListItem","position":2,"name":"Conditions g\u00e9n\u00e9rales de vente et r\u00e8glement int\u00e9rieur"}]},{"@type":"WebSite","@id":"https:\/\/www.residencepiatana.com\/#website","url":"https:\/\/www.residencepiatana.com\/","name":"A Piatana - R\u00e9sidence \u00e0 Olmeto en Corse du Sud","description":"","publisher":{"@id":"https:\/\/www.residencepiatana.com\/#organization"},"potentialAction":[{"@type":"SearchAction","target":{"@type":"EntryPoint","urlTemplate":"https:\/\/www.residencepiatana.com\/?s={search_term_string}"},"query-input":"required name=search_term_string"}],"inLanguage":"en-GB"},{"@type":"Organization","@id":"https:\/\/www.residencepiatana.com\/#organization","name":"A Piatana - R\u00e9sidence \u00e0 Olmeto en Corse du Sud","url":"https:\/\/www.residencepiatana.com\/","logo":{"@type":"ImageObject","inLanguage":"en-GB","@id":"https:\/\/www.residencepiatana.com\/#\/schema\/logo\/image\/","url":"https:\/\/www.residencepiatana.com\/wp-content\/uploads\/2023\/10\/Logo_Piatana_Couleur.png","contentUrl":"https:\/\/www.residencepiatana.com\/wp-content\/uploads\/2023\/10\/Logo_Piatana_Couleur.png","width":1280,"height":612,"caption":"A Piatana - R\u00e9sidence \u00e0 Olmeto en Corse du Sud"},"image":{"@id":"https:\/\/www.residencepiatana.com\/#\/schema\/logo\/image\/"}}]}},"_links":{"self":[{"href":"https:\/\/www.residencepiatana.com\/en\/wp-json\/wp\/v2\/pages\/310","targetHints":{"allow":["GET"]}}],"collection":[{"href":"https:\/\/www.residencepiatana.com\/en\/wp-json\/wp\/v2\/pages"}],"about":[{"href":"https:\/\/www.residencepiatana.com\/en\/wp-json\/wp\/v2\/types\/page"}],"author":[{"embeddable":true,"href":"https:\/\/www.residencepiatana.com\/en\/wp-json\/wp\/v2\/users\/1"}],"replies":[{"embeddable":true,"href":"https:\/\/www.residencepiatana.com\/en\/wp-json\/wp\/v2\/comments?post=310"}],"version-history":[{"count":1,"href":"https:\/\/www.residencepiatana.com\/en\/wp-json\/wp\/v2\/pages\/310\/revisions"}],"predecessor-version":[{"id":311,"href":"https:\/\/www.residencepiatana.com\/en\/wp-json\/wp\/v2\/pages\/310\/revisions\/311"}],"wp:attachment":[{"href":"https:\/\/www.residencepiatana.com\/en\/wp-json\/wp\/v2\/media?parent=310"}],"curies":[{"name":"wp","href":"https:\/\/api.w.org\/{rel}","templated":true}]}}